{"id":27297,"date":"2025-12-25T12:21:43","date_gmt":"2025-12-25T11:21:43","guid":{"rendered":"https:\/\/connektica.com\/?page_id=27297"},"modified":"2025-12-25T12:43:59","modified_gmt":"2025-12-25T11:43:59","slug":"comparer-les-mes","status":"publish","type":"page","link":"https:\/\/connektica.com\/fr\/comparer-les-mes\/","title":{"rendered":"Comparer les MES"},"content":{"rendered":"","protected":false},"excerpt":{"rendered":"","protected":false},"author":12,"featured_media":0,"parent":0,"menu_order":0,"comment_status":"closed","ping_status":"closed","template":"","meta":{"_acf_changed":false,"content-type":"","_monsterinsights_skip_tracking":false,"_monsterinsights_sitenote_active":false,"_monsterinsights_sitenote_note":"","_monsterinsights_sitenote_category":0,"footnotes":""},"class_list":["post-27297","page","type-page","status-publish","hentry"],"acf":[],"yoast_head":"<!-- This site is optimized with the Yoast SEO plugin v27.3 - https:\/\/yoast.com\/product\/yoast-seo-wordpress\/ -->\n<title>Comparer les MES pour l&#039;a\u00e9rospatial | Connektica<\/title>\n<meta name=\"description\" content=\"Comparez Connektica aux principaux logiciels MES afin de d\u00e9terminer lequel est le plus adapt\u00e9 \u00e0 la gestion de vos processus de production et d\u2019AIT dans les secteurs de l\u2019a\u00e9ronautique, du spatial et de la d\u00e9fense.\" \/>\n<meta name=\"robots\" content=\"index, follow, max-snippet:-1, max-image-preview:large, max-video-preview:-1\" \/>\n<link rel=\"canonical\" href=\"https:\/\/connektica.com\/fr\/comparer-les-mes\/\" \/>\n<meta property=\"og:locale\" content=\"fr_FR\" \/>\n<meta property=\"og:type\" content=\"article\" \/>\n<meta property=\"og:title\" content=\"Comparer les MES pour l&#039;a\u00e9rospatial | Connektica\" \/>\n<meta property=\"og:description\" content=\"Comparez Connektica aux principaux logiciels MES afin de d\u00e9terminer lequel est le plus adapt\u00e9 \u00e0 la gestion de vos processus de production et d\u2019AIT dans les secteurs de l\u2019a\u00e9ronautique, du spatial et de la d\u00e9fense.\" \/>\n<meta property=\"og:url\" content=\"https:\/\/connektica.com\/fr\/comparer-les-mes\/\" \/>\n<meta property=\"og:site_name\" content=\"Connektica\" \/>\n<meta property=\"article:modified_time\" content=\"2025-12-25T11:43:59+00:00\" \/>\n<meta name=\"twitter:card\" content=\"summary_large_image\" \/>\n<script type=\"application\/ld+json\" class=\"yoast-schema-graph\">{\"@context\":\"https:\\\/\\\/schema.org\",\"@graph\":[{\"@type\":\"WebPage\",\"@id\":\"https:\\\/\\\/connektica.com\\\/fr\\\/comparer-les-mes\\\/\",\"url\":\"https:\\\/\\\/connektica.com\\\/fr\\\/comparer-les-mes\\\/\",\"name\":\"Comparer les MES pour l'a\u00e9rospatial | Connektica\",\"isPartOf\":{\"@id\":\"https:\\\/\\\/connektica.com\\\/#website\"},\"datePublished\":\"2025-12-25T11:21:43+00:00\",\"dateModified\":\"2025-12-25T11:43:59+00:00\",\"description\":\"Comparez Connektica aux principaux logiciels MES afin de d\u00e9terminer lequel est le plus adapt\u00e9 \u00e0 la gestion de vos processus de production et d\u2019AIT dans les secteurs de l\u2019a\u00e9ronautique, du spatial et de la d\u00e9fense.\",\"breadcrumb\":{\"@id\":\"https:\\\/\\\/connektica.com\\\/fr\\\/comparer-les-mes\\\/#breadcrumb\"},\"inLanguage\":\"fr-FR\",\"potentialAction\":[{\"@type\":\"ReadAction\",\"target\":[\"https:\\\/\\\/connektica.com\\\/fr\\\/comparer-les-mes\\\/\"]}]},{\"@type\":\"BreadcrumbList\",\"@id\":\"https:\\\/\\\/connektica.com\\\/fr\\\/comparer-les-mes\\\/#breadcrumb\",\"itemListElement\":[{\"@type\":\"ListItem\",\"position\":1,\"name\":\"Accueil\",\"item\":\"https:\\\/\\\/connektica.com\\\/\"},{\"@type\":\"ListItem\",\"position\":2,\"name\":\"Comparer les MES\"}]},{\"@type\":\"WebSite\",\"@id\":\"https:\\\/\\\/connektica.com\\\/#website\",\"url\":\"https:\\\/\\\/connektica.com\\\/\",\"name\":\"Connektica\",\"description\":\"Aerospace MES\",\"publisher\":{\"@id\":\"https:\\\/\\\/connektica.com\\\/#organization\"},\"potentialAction\":[{\"@type\":\"SearchAction\",\"target\":{\"@type\":\"EntryPoint\",\"urlTemplate\":\"https:\\\/\\\/connektica.com\\\/?s={search_term_string}\"},\"query-input\":{\"@type\":\"PropertyValueSpecification\",\"valueRequired\":true,\"valueName\":\"search_term_string\"}}],\"inLanguage\":\"fr-FR\"},{\"@type\":\"Organization\",\"@id\":\"https:\\\/\\\/connektica.com\\\/#organization\",\"name\":\"Connektica\",\"url\":\"https:\\\/\\\/connektica.com\\\/\",\"logo\":{\"@type\":\"ImageObject\",\"inLanguage\":\"fr-FR\",\"@id\":\"https:\\\/\\\/connektica.com\\\/#\\\/schema\\\/logo\\\/image\\\/\",\"url\":\"https:\\\/\\\/connektica.com\\\/wp-content\\\/uploads\\\/2022\\\/06\\\/connektica-logo-dark.svg\",\"contentUrl\":\"https:\\\/\\\/connektica.com\\\/wp-content\\\/uploads\\\/2022\\\/06\\\/connektica-logo-dark.svg\",\"width\":201,\"height\":33,\"caption\":\"Connektica\"},\"image\":{\"@id\":\"https:\\\/\\\/connektica.com\\\/#\\\/schema\\\/logo\\\/image\\\/\"},\"sameAs\":[\"https:\\\/\\\/www.linkedin.com\\\/company\\\/connektica\"]}]}<\/script>\n<!-- \/ Yoast SEO plugin. -->","yoast_head_json":{"title":"Comparer les MES pour l'a\u00e9rospatial | Connektica","description":"Comparez Connektica aux principaux logiciels MES afin de d\u00e9terminer lequel est le plus adapt\u00e9 \u00e0 la gestion de vos processus de production et d\u2019AIT dans les secteurs de l\u2019a\u00e9ronautique, du spatial et de la d\u00e9fense.","robots":{"index":"index","follow":"follow","max-snippet":"max-snippet:-1","max-image-preview":"max-image-preview:large","max-video-preview":"max-video-preview:-1"},"canonical":"https:\/\/connektica.com\/fr\/comparer-les-mes\/","og_locale":"fr_FR","og_type":"article","og_title":"Comparer les MES pour l'a\u00e9rospatial | Connektica","og_description":"Comparez Connektica aux principaux logiciels MES afin de d\u00e9terminer lequel est le plus adapt\u00e9 \u00e0 la gestion de vos processus de production et d\u2019AIT dans les secteurs de l\u2019a\u00e9ronautique, du spatial et de la d\u00e9fense.","og_url":"https:\/\/connektica.com\/fr\/comparer-les-mes\/","og_site_name":"Connektica","article_modified_time":"2025-12-25T11:43:59+00:00","twitter_card":"summary_large_image","schema":{"@context":"https:\/\/schema.org","@graph":[{"@type":"WebPage","@id":"https:\/\/connektica.com\/fr\/comparer-les-mes\/","url":"https:\/\/connektica.com\/fr\/comparer-les-mes\/","name":"Comparer les MES pour l'a\u00e9rospatial | Connektica","isPartOf":{"@id":"https:\/\/connektica.com\/#website"},"datePublished":"2025-12-25T11:21:43+00:00","dateModified":"2025-12-25T11:43:59+00:00","description":"Comparez Connektica aux principaux logiciels MES afin de d\u00e9terminer lequel est le plus adapt\u00e9 \u00e0 la gestion de vos processus de production et d\u2019AIT dans les secteurs de l\u2019a\u00e9ronautique, du spatial et de la d\u00e9fense.","breadcrumb":{"@id":"https:\/\/connektica.com\/fr\/comparer-les-mes\/#breadcrumb"},"inLanguage":"fr-FR","potentialAction":[{"@type":"ReadAction","target":["https:\/\/connektica.com\/fr\/comparer-les-mes\/"]}]},{"@type":"BreadcrumbList","@id":"https:\/\/connektica.com\/fr\/comparer-les-mes\/#breadcrumb","itemListElement":[{"@type":"ListItem","position":1,"name":"Accueil","item":"https:\/\/connektica.com\/"},{"@type":"ListItem","position":2,"name":"Comparer les MES"}]},{"@type":"WebSite","@id":"https:\/\/connektica.com\/#website","url":"https:\/\/connektica.com\/","name":"Connektica","description":"Aerospace MES","publisher":{"@id":"https:\/\/connektica.com\/#organization"},"potentialAction":[{"@type":"SearchAction","target":{"@type":"EntryPoint","urlTemplate":"https:\/\/connektica.com\/?s={search_term_string}"},"query-input":{"@type":"PropertyValueSpecification","valueRequired":true,"valueName":"search_term_string"}}],"inLanguage":"fr-FR"},{"@type":"Organization","@id":"https:\/\/connektica.com\/#organization","name":"Connektica","url":"https:\/\/connektica.com\/","logo":{"@type":"ImageObject","inLanguage":"fr-FR","@id":"https:\/\/connektica.com\/#\/schema\/logo\/image\/","url":"https:\/\/connektica.com\/wp-content\/uploads\/2022\/06\/connektica-logo-dark.svg","contentUrl":"https:\/\/connektica.com\/wp-content\/uploads\/2022\/06\/connektica-logo-dark.svg","width":201,"height":33,"caption":"Connektica"},"image":{"@id":"https:\/\/connektica.com\/#\/schema\/logo\/image\/"},"sameAs":["https:\/\/www.linkedin.com\/company\/connektica"]}]}},"_links":{"self":[{"href":"https:\/\/connektica.com\/fr\/wp-json\/wp\/v2\/pages\/27297","targetHints":{"allow":["GET"]}}],"collection":[{"href":"https:\/\/connektica.com\/fr\/wp-json\/wp\/v2\/pages"}],"about":[{"href":"https:\/\/connektica.com\/fr\/wp-json\/wp\/v2\/types\/page"}],"author":[{"embeddable":true,"href":"https:\/\/connektica.com\/fr\/wp-json\/wp\/v2\/users\/12"}],"replies":[{"embeddable":true,"href":"https:\/\/connektica.com\/fr\/wp-json\/wp\/v2\/comments?post=27297"}],"version-history":[{"count":1,"href":"https:\/\/connektica.com\/fr\/wp-json\/wp\/v2\/pages\/27297\/revisions"}],"predecessor-version":[{"id":27298,"href":"https:\/\/connektica.com\/fr\/wp-json\/wp\/v2\/pages\/27297\/revisions\/27298"}],"wp:attachment":[{"href":"https:\/\/connektica.com\/fr\/wp-json\/wp\/v2\/media?parent=27297"}],"curies":[{"name":"wp","href":"https:\/\/api.w.org\/{rel}","templated":true}]}}