{"id":19080,"date":"2022-04-21T01:07:00","date_gmt":"2022-04-20T23:07:00","guid":{"rendered":"https:\/\/connektica.com\/?page_id=19080"},"modified":"2024-03-11T15:20:12","modified_gmt":"2024-03-11T14:20:12","slug":"nouvelles","status":"publish","type":"page","link":"https:\/\/connektica.com\/fr\/nouvelles\/","title":{"rendered":"Nouvelles"},"content":{"rendered":"\t\t<div data-elementor-type=\"wp-page\" data-elementor-id=\"19080\" class=\"elementor elementor-19080\" data-elementor-post-type=\"page\">\n\t\t\t\t\t\t<section class=\"elementor-section elementor-top-section elementor-element elementor-element-2f9139f elementor-section-full_width elementor-section-height-default elementor-section-height-default wpr-particle-no wpr-jarallax-no wpr-parallax-no wpr-sticky-section-no wpr-equal-height-no parallax_section_no qode_elementor_container_no\" data-id=\"2f9139f\" data-element_type=\"section\" data-e-type=\"section\">\n\t\t\t\t\t\t<div class=\"elementor-container elementor-column-gap-no\">\n\t\t\t\t\t<div class=\"elementor-column elementor-col-100 elementor-top-column elementor-element elementor-element-5278ffa\" data-id=\"5278ffa\" data-element_type=\"column\" data-e-type=\"column\">\n\t\t\t<div class=\"elementor-widget-wrap elementor-element-populated\">\n\t\t\t\t\t\t<div class=\"elementor-element elementor-element-61295a2 elementor-widget elementor-widget-text-editor\" data-id=\"61295a2\" data-element_type=\"widget\" data-e-type=\"widget\" data-widget_type=\"text-editor.default\">\n\t\t\t\t\t\t\t\t\tNouvelles\t\t\t\t\t\t\t\t<\/div>\n\t\t\t\t<div class=\"elementor-element elementor-element-156994d elementor-widget elementor-widget-heading\" data-id=\"156994d\" data-element_type=\"widget\" data-e-type=\"widget\" data-widget_type=\"heading.default\">\n\t\t\t\t\t<h1 class=\"elementor-heading-title elementor-size-default\"><strong>\u00cates-vous passionn\u00e9 par l\u2019industrie spatiale autant que nous? <\/strong> \n\nSuivez-nous pour d\u00e9couvrir notre actualit\u00e9 et nos progr\u00e8s!<\/h1>\t\t\t\t<\/div>\n\t\t\t\t\t<\/div>\n\t\t<\/div>\n\t\t\t\t\t<\/div>\n\t\t<\/section>\n\t\t\t\t<section class=\"elementor-section elementor-top-section elementor-element elementor-element-4d167e1 elementor-section-full_width elementor-section-height-default elementor-section-height-default wpr-particle-no wpr-jarallax-no wpr-parallax-no wpr-sticky-section-no wpr-equal-height-no parallax_section_no qode_elementor_container_no\" data-id=\"4d167e1\" data-element_type=\"section\" data-e-type=\"section\">\n\t\t\t\t\t\t<div class=\"elementor-container elementor-column-gap-default\">\n\t\t\t\t\t<div class=\"elementor-column elementor-col-100 elementor-top-column elementor-element elementor-element-b9b469c\" data-id=\"b9b469c\" data-element_type=\"column\" data-e-type=\"column\">\n\t\t\t<div class=\"elementor-widget-wrap elementor-element-populated\">\n\t\t\t\t\t\t<div class=\"elementor-element elementor-element-4060c77 elementor-grid-3 elementor-grid-tablet-2 elementor-grid-mobile-1 elementor-posts--thumbnail-top load-more-align-center elementor-widget elementor-widget-posts\" data-id=\"4060c77\" data-element_type=\"widget\" data-e-type=\"widget\" data-settings=\"{&quot;classic_row_gap&quot;:{&quot;unit&quot;:&quot;px&quot;,&quot;size&quot;:80,&quot;sizes&quot;:[]},&quot;pagination_type&quot;:&quot;load_more_on_click&quot;,&quot;classic_row_gap_tablet&quot;:{&quot;unit&quot;:&quot;px&quot;,&quot;size&quot;:40,&quot;sizes&quot;:[]},&quot;classic_columns&quot;:&quot;3&quot;,&quot;classic_columns_tablet&quot;:&quot;2&quot;,&quot;classic_columns_mobile&quot;:&quot;1&quot;,&quot;classic_row_gap_mobile&quot;:{&quot;unit&quot;:&quot;px&quot;,&quot;size&quot;:&quot;&quot;,&quot;sizes&quot;:[]},&quot;load_more_spinner&quot;:{&quot;value&quot;:&quot;fas fa-spinner&quot;,&quot;library&quot;:&quot;fa-solid&quot;}}\" data-widget_type=\"posts.classic\">\n\t\t\t\t<div class=\"elementor-widget-container\">\n\t\t\t\t\t\t\t<div class=\"elementor-posts-container elementor-posts elementor-posts--skin-classic elementor-grid\" role=\"list\">\n\t\t\t\t<article class=\"elementor-post elementor-grid-item post-28183 post type-post status-publish format-standard has-post-thumbnail hentry category-non-classifiee\" role=\"listitem\">\n\t\t\t\t<a class=\"elementor-post__thumbnail__link\" href=\"https:\/\/connektica.com\/fr\/connektica-et-tekever-sassocient-pour-accelerer-lexecution-numerique-des-activites-ait-des-systemes-aeronautiques-de-nouvelle-generation\/\" tabindex=\"-1\" >\n\t\t\t<div class=\"elementor-post__thumbnail\"><img fetchpriority=\"high\" decoding=\"async\" width=\"800\" height=\"600\" src=\"https:\/\/connektica.com\/wp-content\/uploads\/2026\/02\/IMG_1317-800x600.webp\" class=\"attachment-portfolio-landscape size-portfolio-landscape wp-image-28152\" alt=\"Jeremy Perrin from Connektica and Nadia Maaref from Tekever signing a MoU during Tekever&#039;s new site production in Cahors inauguration\" srcset=\"https:\/\/connektica.com\/wp-content\/uploads\/2026\/02\/IMG_1317-800x600.webp 800w, https:\/\/connektica.com\/wp-content\/uploads\/2026\/02\/IMG_1317-300x225.webp 300w, https:\/\/connektica.com\/wp-content\/uploads\/2026\/02\/IMG_1317-1024x768.webp 1024w, https:\/\/connektica.com\/wp-content\/uploads\/2026\/02\/IMG_1317-768x576.webp 768w, https:\/\/connektica.com\/wp-content\/uploads\/2026\/02\/IMG_1317-1536x1152.webp 1536w, https:\/\/connektica.com\/wp-content\/uploads\/2026\/02\/IMG_1317-2048x1536.webp 2048w, https:\/\/connektica.com\/wp-content\/uploads\/2026\/02\/IMG_1317-700x525.webp 700w\" sizes=\"(max-width: 800px) 100vw, 800px\" \/><\/div>\n\t\t<\/a>\n\t\t\t\t<div class=\"elementor-post__text\">\n\t\t\t\t<h3 class=\"elementor-post__title\">\n\t\t\t<a href=\"https:\/\/connektica.com\/fr\/connektica-et-tekever-sassocient-pour-accelerer-lexecution-numerique-des-activites-ait-des-systemes-aeronautiques-de-nouvelle-generation\/\" >\n\t\t\t\tConnektica et TEKEVER s\u2019associent pour acc\u00e9l\u00e9rer l\u2019ex\u00e9cution num\u00e9rique des activit\u00e9s AIT des syst\u00e8mes a\u00e9ronautiques de nouvelle g\u00e9n\u00e9ration\t\t\t<\/a>\n\t\t<\/h3>\n\t\t\t\t<div class=\"elementor-post__meta-data\">\n\t\t\t\t\t<span class=\"elementor-post-date\">\n\t\t\t5 f\u00e9vrier 2026\t\t<\/span>\n\t\t\t\t<\/div>\n\t\t\t\t<\/div>\n\t\t\t\t<\/article>\n\t\t\t\t<article class=\"elementor-post elementor-grid-item post-27115 post type-post status-publish format-standard has-post-thumbnail hentry category-non-classifiee\" role=\"listitem\">\n\t\t\t\t<a class=\"elementor-post__thumbnail__link\" href=\"https:\/\/connektica.com\/fr\/une-histoire-dinnovation-canada-esa\/\" tabindex=\"-1\" >\n\t\t\t<div class=\"elementor-post__thumbnail\"><img decoding=\"async\" width=\"800\" height=\"331\" src=\"https:\/\/connektica.com\/wp-content\/uploads\/2025\/11\/2025-11-12-histoire-innovation-canada-esa-connektica-transforme-chaines-approvisionnement-secteur-spatial-ban-800x331.webp\" class=\"attachment-portfolio-landscape size-portfolio-landscape wp-image-27112\" alt=\"Canada ESA innovation - Connektica\" \/><\/div>\n\t\t<\/a>\n\t\t\t\t<div class=\"elementor-post__text\">\n\t\t\t\t<h3 class=\"elementor-post__title\">\n\t\t\t<a href=\"https:\/\/connektica.com\/fr\/une-histoire-dinnovation-canada-esa\/\" >\n\t\t\t\tUne histoire d&rsquo;innovation Canada\u2013ESA\t\t\t<\/a>\n\t\t<\/h3>\n\t\t\t\t<div class=\"elementor-post__meta-data\">\n\t\t\t\t\t<span class=\"elementor-post-date\">\n\t\t\t24 novembre 2025\t\t<\/span>\n\t\t\t\t<\/div>\n\t\t\t\t<\/div>\n\t\t\t\t<\/article>\n\t\t\t\t<article class=\"elementor-post elementor-grid-item post-27090 post type-post status-publish format-standard has-post-thumbnail hentry category-non-classifiee\" role=\"listitem\">\n\t\t\t\t<a class=\"elementor-post__thumbnail__link\" href=\"https:\/\/connektica.com\/fr\/27090\/\" tabindex=\"-1\" >\n\t\t\t<div class=\"elementor-post__thumbnail\"><img decoding=\"async\" width=\"800\" height=\"600\" src=\"https:\/\/connektica.com\/wp-content\/uploads\/2025\/11\/ESA-Roundtable-Jeremy-800x600.webp\" class=\"attachment-portfolio-landscape size-portfolio-landscape wp-image-27085\" alt=\"\" \/><\/div>\n\t\t<\/a>\n\t\t\t\t<div class=\"elementor-post__text\">\n\t\t\t\t<h3 class=\"elementor-post__title\">\n\t\t\t<a href=\"https:\/\/connektica.com\/fr\/27090\/\" >\n\t\t\t\tPoints cl\u00e9s de la table ronde \u201cDesign for Manufacturing &#038; AIT\u201d\t\t\t<\/a>\n\t\t<\/h3>\n\t\t\t\t<div class=\"elementor-post__meta-data\">\n\t\t\t\t\t<span class=\"elementor-post-date\">\n\t\t\t28 octobre 2025\t\t<\/span>\n\t\t\t\t<\/div>\n\t\t\t\t<\/div>\n\t\t\t\t<\/article>\n\t\t\t\t<article class=\"elementor-post elementor-grid-item post-23518 post type-post status-publish format-standard hentry category-non-classifiee\" role=\"listitem\">\n\t\t\t\t<div class=\"elementor-post__text\">\n\t\t\t\t<h3 class=\"elementor-post__title\">\n\t\t\t<a href=\"https:\/\/connektica.com\/fr\/23518\/\" >\n\t\t\t\tConnektica &#038; Atem\t\t\t<\/a>\n\t\t<\/h3>\n\t\t\t\t<div class=\"elementor-post__meta-data\">\n\t\t\t\t\t<span class=\"elementor-post-date\">\n\t\t\t5 avril 2024\t\t<\/span>\n\t\t\t\t<\/div>\n\t\t\t\t<\/div>\n\t\t\t\t<\/article>\n\t\t\t\t<article class=\"elementor-post elementor-grid-item post-23514 post type-post status-publish format-standard hentry category-non-classifiee\" role=\"listitem\">\n\t\t\t\t<div class=\"elementor-post__text\">\n\t\t\t\t<h3 class=\"elementor-post__title\">\n\t\t\t<a href=\"https:\/\/connektica.com\/fr\/1ere-levee-seed-pour-connektica\/\" >\n\t\t\t\t1\u00e8re lev\u00e9e SEED pour Connektica\t\t\t<\/a>\n\t\t<\/h3>\n\t\t\t\t<div class=\"elementor-post__meta-data\">\n\t\t\t\t\t<span class=\"elementor-post-date\">\n\t\t\t5 avril 2024\t\t<\/span>\n\t\t\t\t<\/div>\n\t\t\t\t<\/div>\n\t\t\t\t<\/article>\n\t\t\t\t<\/div>\n\t\t\t\t\t<span class=\"e-load-more-spinner\">\n\t\t\t\t<i aria-hidden=\"true\" class=\"fas fa-spinner\"><\/i>\t\t\t<\/span>\n\t\t\n\t\t\t\t\t\t<\/div>\n\t\t\t\t<\/div>\n\t\t\t\t\t<\/div>\n\t\t<\/div>\n\t\t\t\t\t<\/div>\n\t\t<\/section>\n\t\t\t\t<section class=\"wpr-jarallax elementor-section elementor-top-section elementor-element elementor-element-434f0d8 elementor-section-full_width elementor-section-height-min-height wpr-jarallax-yes elementor-section-height-default elementor-section-items-middle wpr-particle-no wpr-parallax-no wpr-sticky-section-no wpr-equal-height-no parallax_section_no qode_elementor_container_no\" speed-data=\"1.1\" bg-image=\"https:\/\/connektica.com\/wp-content\/uploads\/2022\/06\/earth-space-sun.png\" bg-image-mobile=\"\" scroll-effect=\"scroll\" data-id=\"434f0d8\" data-element_type=\"section\" data-e-type=\"section\" data-settings=\"{&quot;background_background&quot;:&quot;classic&quot;}\">\n\t\t\t\t\t\t<div class=\"elementor-container elementor-column-gap-default\">\n\t\t\t\t\t<div class=\"elementor-column elementor-col-100 elementor-top-column elementor-element elementor-element-14c42a9\" data-id=\"14c42a9\" data-element_type=\"column\" data-e-type=\"column\">\n\t\t\t<div class=\"elementor-widget-wrap elementor-element-populated\">\n\t\t\t\t\t\t<div class=\"elementor-element elementor-element-0babb4b elementor-widget elementor-widget-text-editor\" data-id=\"0babb4b\" data-element_type=\"widget\" data-e-type=\"widget\" data-widget_type=\"text-editor.default\">\n\t\t\t\t\t\t\t\t\t<p><strong>Innovez avec nous<\/strong> pour faire partie du futur de l&rsquo;a\u00e9rospatial !<\/p>\t\t\t\t\t\t\t\t<\/div>\n\t\t\t\t<div class=\"elementor-element elementor-element-e6cc8df elementor-align-center elementor-widget__width-auto elementor-widget elementor-widget-button\" data-id=\"e6cc8df\" data-element_type=\"widget\" data-e-type=\"widget\" data-widget_type=\"button.default\">\n\t\t\t\t\t\t\t\t\t\t<a class=\"elementor-button elementor-button-link elementor-size-md\" href=\"https:\/\/connektica.com\/fr\/contact\/\">\n\t\t\t\t\t\t<span class=\"elementor-button-content-wrapper\">\n\t\t\t\t\t\t\t\t\t<span class=\"elementor-button-text\">Contactez-nous<\/span>\n\t\t\t\t\t<\/span>\n\t\t\t\t\t<\/a>\n\t\t\t\t\t\t\t\t<\/div>\n\t\t\t\t\t<\/div>\n\t\t<\/div>\n\t\t\t\t\t<\/div>\n\t\t<\/section>\n\t\t\t\t<\/div>\n\t\t","protected":false},"excerpt":{"rendered":"<p>\u00cates-vous passionn\u00e9 par l\u2019industrie spatiale autant que nous? Suivez-nous pour d\u00e9couvrir notre actualit\u00e9 et nos progr\u00e8s! Innovez avec nous pour faire partie du futur de l&rsquo;a\u00e9rospatial ! Contactez-nous<\/p>\n","protected":false},"author":1,"featured_media":0,"parent":0,"menu_order":0,"comment_status":"closed","ping_status":"closed","template":"full_width.php","meta":{"_acf_changed":false,"content-type":"","_monsterinsights_skip_tracking":false,"_monsterinsights_sitenote_active":false,"_monsterinsights_sitenote_note":"","_monsterinsights_sitenote_category":0,"footnotes":""},"class_list":["post-19080","page","type-page","status-publish","hentry"],"acf":[],"yoast_head":"<!-- This site is optimized with the Yoast SEO plugin v27.3 - https:\/\/yoast.com\/product\/yoast-seo-wordpress\/ -->\n<title>Des nouvelles de l&#039;industrie a\u00e9rospatiale | Blogue | Connektica<\/title>\n<meta name=\"description\" content=\"Vous \u00eates des passionn\u00e9s de l\u2019industrie a\u00e9rospatiale? Nous aussi! Suivez-nous pour d\u00e9couvrir nos nouvelles et nos avanc\u00e9es !\" \/>\n<meta name=\"robots\" content=\"index, follow, max-snippet:-1, max-image-preview:large, max-video-preview:-1\" \/>\n<link rel=\"canonical\" href=\"https:\/\/connektica.com\/nouvelles\/\" \/>\n<meta property=\"og:locale\" content=\"fr_FR\" \/>\n<meta property=\"og:type\" content=\"article\" \/>\n<meta property=\"og:title\" content=\"Des nouvelles de l&#039;industrie a\u00e9rospatiale | Blogue | Connektica\" \/>\n<meta property=\"og:description\" content=\"Vous \u00eates des passionn\u00e9s de l\u2019industrie a\u00e9rospatiale? Nous aussi! Suivez-nous pour d\u00e9couvrir nos nouvelles et nos avanc\u00e9es !\" \/>\n<meta property=\"og:url\" content=\"https:\/\/connektica.com\/nouvelles\/\" \/>\n<meta property=\"og:site_name\" content=\"Connektica\" \/>\n<meta property=\"article:modified_time\" content=\"2024-03-11T14:20:12+00:00\" \/>\n<meta name=\"twitter:card\" content=\"summary_large_image\" \/>\n<meta name=\"twitter:label1\" content=\"Dur\u00e9e de lecture estim\u00e9e\" \/>\n\t<meta name=\"twitter:data1\" content=\"2 minutes\" \/>\n<script type=\"application\/ld+json\" class=\"yoast-schema-graph\">{\"@context\":\"https:\\\/\\\/schema.org\",\"@graph\":[{\"@type\":\"WebPage\",\"@id\":\"https:\\\/\\\/connektica.com\\\/nouvelles\\\/\",\"url\":\"https:\\\/\\\/connektica.com\\\/nouvelles\\\/\",\"name\":\"Des nouvelles de l'industrie a\u00e9rospatiale | Blogue | Connektica\",\"isPartOf\":{\"@id\":\"https:\\\/\\\/connektica.com\\\/#website\"},\"datePublished\":\"2022-04-20T23:07:00+00:00\",\"dateModified\":\"2024-03-11T14:20:12+00:00\",\"description\":\"Vous \u00eates des passionn\u00e9s de l\u2019industrie a\u00e9rospatiale? Nous aussi! Suivez-nous pour d\u00e9couvrir nos nouvelles et nos avanc\u00e9es !\",\"breadcrumb\":{\"@id\":\"https:\\\/\\\/connektica.com\\\/nouvelles\\\/#breadcrumb\"},\"inLanguage\":\"fr-FR\",\"potentialAction\":[{\"@type\":\"ReadAction\",\"target\":[\"https:\\\/\\\/connektica.com\\\/nouvelles\\\/\"]}]},{\"@type\":\"BreadcrumbList\",\"@id\":\"https:\\\/\\\/connektica.com\\\/nouvelles\\\/#breadcrumb\",\"itemListElement\":[{\"@type\":\"ListItem\",\"position\":1,\"name\":\"Accueil\",\"item\":\"https:\\\/\\\/connektica.com\\\/\"},{\"@type\":\"ListItem\",\"position\":2,\"name\":\"Nouvelles\"}]},{\"@type\":\"WebSite\",\"@id\":\"https:\\\/\\\/connektica.com\\\/#website\",\"url\":\"https:\\\/\\\/connektica.com\\\/\",\"name\":\"Connektica\",\"description\":\"Aerospace MES\",\"publisher\":{\"@id\":\"https:\\\/\\\/connektica.com\\\/#organization\"},\"potentialAction\":[{\"@type\":\"SearchAction\",\"target\":{\"@type\":\"EntryPoint\",\"urlTemplate\":\"https:\\\/\\\/connektica.com\\\/?s={search_term_string}\"},\"query-input\":{\"@type\":\"PropertyValueSpecification\",\"valueRequired\":true,\"valueName\":\"search_term_string\"}}],\"inLanguage\":\"fr-FR\"},{\"@type\":\"Organization\",\"@id\":\"https:\\\/\\\/connektica.com\\\/#organization\",\"name\":\"Connektica\",\"url\":\"https:\\\/\\\/connektica.com\\\/\",\"logo\":{\"@type\":\"ImageObject\",\"inLanguage\":\"fr-FR\",\"@id\":\"https:\\\/\\\/connektica.com\\\/#\\\/schema\\\/logo\\\/image\\\/\",\"url\":\"https:\\\/\\\/connektica.com\\\/wp-content\\\/uploads\\\/2022\\\/06\\\/connektica-logo-dark.svg\",\"contentUrl\":\"https:\\\/\\\/connektica.com\\\/wp-content\\\/uploads\\\/2022\\\/06\\\/connektica-logo-dark.svg\",\"width\":201,\"height\":33,\"caption\":\"Connektica\"},\"image\":{\"@id\":\"https:\\\/\\\/connektica.com\\\/#\\\/schema\\\/logo\\\/image\\\/\"},\"sameAs\":[\"https:\\\/\\\/www.linkedin.com\\\/company\\\/connektica\"]}]}<\/script>\n<!-- \/ Yoast SEO plugin. -->","yoast_head_json":{"title":"Des nouvelles de l'industrie a\u00e9rospatiale | Blogue | Connektica","description":"Vous \u00eates des passionn\u00e9s de l\u2019industrie a\u00e9rospatiale? Nous aussi! Suivez-nous pour d\u00e9couvrir nos nouvelles et nos avanc\u00e9es !","robots":{"index":"index","follow":"follow","max-snippet":"max-snippet:-1","max-image-preview":"max-image-preview:large","max-video-preview":"max-video-preview:-1"},"canonical":"https:\/\/connektica.com\/nouvelles\/","og_locale":"fr_FR","og_type":"article","og_title":"Des nouvelles de l'industrie a\u00e9rospatiale | Blogue | Connektica","og_description":"Vous \u00eates des passionn\u00e9s de l\u2019industrie a\u00e9rospatiale? Nous aussi! Suivez-nous pour d\u00e9couvrir nos nouvelles et nos avanc\u00e9es !","og_url":"https:\/\/connektica.com\/nouvelles\/","og_site_name":"Connektica","article_modified_time":"2024-03-11T14:20:12+00:00","twitter_card":"summary_large_image","twitter_misc":{"Dur\u00e9e de lecture estim\u00e9e":"2 minutes"},"schema":{"@context":"https:\/\/schema.org","@graph":[{"@type":"WebPage","@id":"https:\/\/connektica.com\/nouvelles\/","url":"https:\/\/connektica.com\/nouvelles\/","name":"Des nouvelles de l'industrie a\u00e9rospatiale | Blogue | Connektica","isPartOf":{"@id":"https:\/\/connektica.com\/#website"},"datePublished":"2022-04-20T23:07:00+00:00","dateModified":"2024-03-11T14:20:12+00:00","description":"Vous \u00eates des passionn\u00e9s de l\u2019industrie a\u00e9rospatiale? Nous aussi! Suivez-nous pour d\u00e9couvrir nos nouvelles et nos avanc\u00e9es !","breadcrumb":{"@id":"https:\/\/connektica.com\/nouvelles\/#breadcrumb"},"inLanguage":"fr-FR","potentialAction":[{"@type":"ReadAction","target":["https:\/\/connektica.com\/nouvelles\/"]}]},{"@type":"BreadcrumbList","@id":"https:\/\/connektica.com\/nouvelles\/#breadcrumb","itemListElement":[{"@type":"ListItem","position":1,"name":"Accueil","item":"https:\/\/connektica.com\/"},{"@type":"ListItem","position":2,"name":"Nouvelles"}]},{"@type":"WebSite","@id":"https:\/\/connektica.com\/#website","url":"https:\/\/connektica.com\/","name":"Connektica","description":"Aerospace MES","publisher":{"@id":"https:\/\/connektica.com\/#organization"},"potentialAction":[{"@type":"SearchAction","target":{"@type":"EntryPoint","urlTemplate":"https:\/\/connektica.com\/?s={search_term_string}"},"query-input":{"@type":"PropertyValueSpecification","valueRequired":true,"valueName":"search_term_string"}}],"inLanguage":"fr-FR"},{"@type":"Organization","@id":"https:\/\/connektica.com\/#organization","name":"Connektica","url":"https:\/\/connektica.com\/","logo":{"@type":"ImageObject","inLanguage":"fr-FR","@id":"https:\/\/connektica.com\/#\/schema\/logo\/image\/","url":"https:\/\/connektica.com\/wp-content\/uploads\/2022\/06\/connektica-logo-dark.svg","contentUrl":"https:\/\/connektica.com\/wp-content\/uploads\/2022\/06\/connektica-logo-dark.svg","width":201,"height":33,"caption":"Connektica"},"image":{"@id":"https:\/\/connektica.com\/#\/schema\/logo\/image\/"},"sameAs":["https:\/\/www.linkedin.com\/company\/connektica"]}]}},"_links":{"self":[{"href":"https:\/\/connektica.com\/fr\/wp-json\/wp\/v2\/pages\/19080","targetHints":{"allow":["GET"]}}],"collection":[{"href":"https:\/\/connektica.com\/fr\/wp-json\/wp\/v2\/pages"}],"about":[{"href":"https:\/\/connektica.com\/fr\/wp-json\/wp\/v2\/types\/page"}],"author":[{"embeddable":true,"href":"https:\/\/connektica.com\/fr\/wp-json\/wp\/v2\/users\/1"}],"replies":[{"embeddable":true,"href":"https:\/\/connektica.com\/fr\/wp-json\/wp\/v2\/comments?post=19080"}],"version-history":[{"count":71,"href":"https:\/\/connektica.com\/fr\/wp-json\/wp\/v2\/pages\/19080\/revisions"}],"predecessor-version":[{"id":23300,"href":"https:\/\/connektica.com\/fr\/wp-json\/wp\/v2\/pages\/19080\/revisions\/23300"}],"wp:attachment":[{"href":"https:\/\/connektica.com\/fr\/wp-json\/wp\/v2\/media?parent=19080"}],"curies":[{"name":"wp","href":"https:\/\/api.w.org\/{rel}","templated":true}]}}